{"id":47,"date":"2024-03-03T16:10:21","date_gmt":"2024-03-03T16:10:21","guid":{"rendered":"http:\/\/www.jeruzalempuklavec.si\/?page_id=47"},"modified":"2024-03-03T20:58:31","modified_gmt":"2024-03-03T20:58:31","slug":"razvajanje","status":"publish","type":"page","link":"http:\/\/www.jeruzalempuklavec.si\/index.php\/razvajanje\/","title":{"rendered":"Razvajanje"},"content":{"rendered":"\n<p>Pred kratkim smo na\u0161im storitvam dodali razvajanja z bazenom in savnami. Zraven dobrih vin se lahko na na\u0161i kmetiji razvajate tudi s sprostitvijo med vinogradi. Izkoristite na\u0161e popolno razvajanje v dvoje v na\u0161i posebni sobi z jakuzzijem, savno in vsem ostalim za nepozabno do\u017eivetje.<\/p>\n\n\n\n<p>Na\u0161a izbrana vina &#8211; cenik<\/p>\n\n\n\n<figure class=\"wp-block-table is-style-regular\"><table><tbody><tr><td class=\"has-text-align-left\" data-align=\"left\">STORITEV<\/td><td>Cena v EUR<\/td><\/tr><tr><td class=\"has-text-align-left\" data-align=\"left\">3 urno razvajanje v dvoje<\/td><td>99<\/td><\/tr><\/tbody><\/table><figcaption class=\"wp-element-caption\">*Cene vklju\u010dujejo predpisani DDV, **Cenik velja od 01. 01. 2024<\/figcaption><\/figure>\n\n\n\n<figure class=\"wp-block-image aligncenter size-large is-resized\"><img loading=\"lazy\" decoding=\"async\" width=\"1024\" height=\"312\" src=\"http:\/\/www.jeruzalempuklavec.si\/wp-content\/uploads\/2024\/03\/path4-1024x312.png\" alt=\"\" class=\"wp-image-190\" style=\"width:563px;height:auto\" srcset=\"http:\/\/www.jeruzalempuklavec.si\/wp-content\/uploads\/2024\/03\/path4-1024x312.png 1024w, http:\/\/www.jeruzalempuklavec.si\/wp-content\/uploads\/2024\/03\/path4-300x91.png 300w, http:\/\/www.jeruzalempuklavec.si\/wp-content\/uploads\/2024\/03\/path4.png 1471w\" sizes=\"(max-width: 1024px) 100vw, 1024px\" \/><\/figure>\n\n\n\n<p><\/p>\n\n\n\n<div class=\"wp-block-cover\"><span aria-hidden=\"true\" class=\"wp-block-cover__background has-background-dim\"><\/span><div class=\"wp-block-cover__inner-container is-layout-flow wp-block-cover-is-layout-flow\">\n<div class=\"wp-block-group has-global-padding is-layout-constrained wp-block-group-is-layout-constrained\">\n<div class=\"wp-block-columns is-layout-flex wp-container-core-columns-layout-1 wp-block-columns-is-layout-flex\">\n<div class=\"wp-block-column is-layout-flow wp-block-column-is-layout-flow\" style=\"flex-basis:100%\">\n<figure class=\"wp-block-gallery has-nested-images columns-default is-cropped wp-block-gallery-1 is-layout-flex wp-block-gallery-is-layout-flex\">\n<figure class=\"wp-block-image size-large\"><img loading=\"lazy\" decoding=\"async\" width=\"1024\" height=\"663\" src=\"http:\/\/www.jeruzalempuklavec.si\/wp-content\/uploads\/2024\/03\/428303424_295129839948067_3962248229638983887_n-1024x663.jpg\" alt=\"\" class=\"wp-image-242\" srcset=\"http:\/\/www.jeruzalempuklavec.si\/wp-content\/uploads\/2024\/03\/428303424_295129839948067_3962248229638983887_n-1024x663.jpg 1024w, http:\/\/www.jeruzalempuklavec.si\/wp-content\/uploads\/2024\/03\/428303424_295129839948067_3962248229638983887_n-300x194.jpg 300w, http:\/\/www.jeruzalempuklavec.si\/wp-content\/uploads\/2024\/03\/428303424_295129839948067_3962248229638983887_n.jpg 1948w\" sizes=\"(max-width: 1024px) 100vw, 1024px\" \/><\/figure>\n\n\n\n<figure class=\"wp-block-image size-large\"><img loading=\"lazy\" decoding=\"async\" width=\"1024\" height=\"768\" src=\"http:\/\/www.jeruzalempuklavec.si\/wp-content\/uploads\/2024\/03\/428169886_250004531487204_537077927388076553_n-1024x768.jpg\" alt=\"\" class=\"wp-image-236\" srcset=\"http:\/\/www.jeruzalempuklavec.si\/wp-content\/uploads\/2024\/03\/428169886_250004531487204_537077927388076553_n-1024x768.jpg 1024w, http:\/\/www.jeruzalempuklavec.si\/wp-content\/uploads\/2024\/03\/428169886_250004531487204_537077927388076553_n-300x225.jpg 300w, http:\/\/www.jeruzalempuklavec.si\/wp-content\/uploads\/2024\/03\/428169886_250004531487204_537077927388076553_n-2000x1500.jpg 2000w, http:\/\/www.jeruzalempuklavec.si\/wp-content\/uploads\/2024\/03\/428169886_250004531487204_537077927388076553_n.jpg 2048w\" sizes=\"(max-width: 1024px) 100vw, 1024px\" \/><\/figure>\n\n\n\n<figure class=\"wp-block-image size-large\"><img loading=\"lazy\" decoding=\"async\" width=\"1024\" height=\"768\" src=\"http:\/\/www.jeruzalempuklavec.si\/wp-content\/uploads\/2024\/03\/428028127_2087404261652735_264553294036857402_n-1-1024x768.jpg\" alt=\"\" class=\"wp-image-229\" srcset=\"http:\/\/www.jeruzalempuklavec.si\/wp-content\/uploads\/2024\/03\/428028127_2087404261652735_264553294036857402_n-1-1024x768.jpg 1024w, http:\/\/www.jeruzalempuklavec.si\/wp-content\/uploads\/2024\/03\/428028127_2087404261652735_264553294036857402_n-1-300x225.jpg 300w, http:\/\/www.jeruzalempuklavec.si\/wp-content\/uploads\/2024\/03\/428028127_2087404261652735_264553294036857402_n-1-2000x1500.jpg 2000w, http:\/\/www.jeruzalempuklavec.si\/wp-content\/uploads\/2024\/03\/428028127_2087404261652735_264553294036857402_n-1.jpg 2048w\" sizes=\"(max-width: 1024px) 100vw, 1024px\" \/><\/figure>\n\n\n\n<figure class=\"wp-block-image size-large\"><img loading=\"lazy\" decoding=\"async\" width=\"1024\" height=\"768\" src=\"http:\/\/www.jeruzalempuklavec.si\/wp-content\/uploads\/2024\/03\/428326716_819619096573048_7693516026965030279_n-1024x768.jpg\" alt=\"\" class=\"wp-image-238\" srcset=\"http:\/\/www.jeruzalempuklavec.si\/wp-content\/uploads\/2024\/03\/428326716_819619096573048_7693516026965030279_n-1024x768.jpg 1024w, http:\/\/www.jeruzalempuklavec.si\/wp-content\/uploads\/2024\/03\/428326716_819619096573048_7693516026965030279_n-300x225.jpg 300w, http:\/\/www.jeruzalempuklavec.si\/wp-content\/uploads\/2024\/03\/428326716_819619096573048_7693516026965030279_n-2000x1500.jpg 2000w, http:\/\/www.jeruzalempuklavec.si\/wp-content\/uploads\/2024\/03\/428326716_819619096573048_7693516026965030279_n.jpg 2048w\" sizes=\"(max-width: 1024px) 100vw, 1024px\" \/><\/figure>\n\n\n\n<figure class=\"wp-block-image size-large\"><img loading=\"lazy\" decoding=\"async\" width=\"1024\" height=\"576\" src=\"http:\/\/www.jeruzalempuklavec.si\/wp-content\/uploads\/2024\/03\/428387183_888223706643411_1320751347441390150_n-1024x576.jpg\" alt=\"\" class=\"wp-image-239\" srcset=\"http:\/\/www.jeruzalempuklavec.si\/wp-content\/uploads\/2024\/03\/428387183_888223706643411_1320751347441390150_n-1024x576.jpg 1024w, http:\/\/www.jeruzalempuklavec.si\/wp-content\/uploads\/2024\/03\/428387183_888223706643411_1320751347441390150_n-300x169.jpg 300w, http:\/\/www.jeruzalempuklavec.si\/wp-content\/uploads\/2024\/03\/428387183_888223706643411_1320751347441390150_n.jpg 2000w\" sizes=\"(max-width: 1024px) 100vw, 1024px\" \/><\/figure>\n\n\n\n<figure class=\"wp-block-image size-large\"><img loading=\"lazy\" decoding=\"async\" width=\"1024\" height=\"768\" src=\"http:\/\/www.jeruzalempuklavec.si\/wp-content\/uploads\/2024\/03\/358891964_1206188416910847_8765425239345359880_n-1024x768.jpg\" alt=\"\" class=\"wp-image-240\" srcset=\"http:\/\/www.jeruzalempuklavec.si\/wp-content\/uploads\/2024\/03\/358891964_1206188416910847_8765425239345359880_n-1024x768.jpg 1024w, http:\/\/www.jeruzalempuklavec.si\/wp-content\/uploads\/2024\/03\/358891964_1206188416910847_8765425239345359880_n-300x225.jpg 300w, http:\/\/www.jeruzalempuklavec.si\/wp-content\/uploads\/2024\/03\/358891964_1206188416910847_8765425239345359880_n-2000x1500.jpg 2000w, http:\/\/www.jeruzalempuklavec.si\/wp-content\/uploads\/2024\/03\/358891964_1206188416910847_8765425239345359880_n.jpg 2048w\" sizes=\"(max-width: 1024px) 100vw, 1024px\" \/><\/figure>\n<\/figure>\n<\/div>\n<\/div>\n<\/div>\n<\/div><\/div>\n","protected":false},"excerpt":{"rendered":"<p>Pred kratkim smo na\u0161im storitvam dodali razvajanja z bazenom in savnami. Zraven dobrih vin se lahko na na\u0161i kmetiji razvajate tudi s sprostitvijo med vinogradi. Izkoristite na\u0161e popolno razvajanje v dvoje v na\u0161i posebni sobi z jakuzzijem, savno in vsem ostalim za nepozabno do\u017eivetje. Na\u0161a izbrana vina &#8211; cenik STORITEV Cena v EUR 3 urno &hellip; <\/p>\n<p class=\"link-more\"><a href=\"http:\/\/www.jeruzalempuklavec.si\/index.php\/razvajanje\/\" class=\"more-link\">Read more<span class=\"screen-reader-text\"> &#8220;Razvajanje&#8221;<\/span><\/a><\/p>\n","protected":false},"author":1,"featured_media":113,"parent":0,"menu_order":0,"comment_status":"closed","ping_status":"closed","template":"","meta":{"footnotes":"","inspiro_hide_title":false},"yoast_head":"<!-- This site is optimized with the Yoast SEO plugin v23.5 - https:\/\/yoast.com\/wordpress\/plugins\/seo\/ -->\n<title>Razvajanje - Turisti\u010dna kmetija Puklavec<\/title>\n<meta name=\"robots\" content=\"index, follow, max-snippet:-1, max-image-preview:large, max-video-preview:-1\" \/>\n<link rel=\"canonical\" href=\"http:\/\/www.jeruzalempuklavec.si\/index.php\/razvajanje\/\" \/>\n<meta property=\"og:locale\" content=\"sl_SI\" \/>\n<meta property=\"og:type\" content=\"article\" \/>\n<meta property=\"og:title\" content=\"Razvajanje - Turisti\u010dna kmetija Puklavec\" \/>\n<meta property=\"og:description\" content=\"Pred kratkim smo na\u0161im storitvam dodali razvajanja z bazenom in savnami. Zraven dobrih vin se lahko na na\u0161i kmetiji razvajate tudi s sprostitvijo med vinogradi. Izkoristite na\u0161e popolno razvajanje v dvoje v na\u0161i posebni sobi z jakuzzijem, savno in vsem ostalim za nepozabno do\u017eivetje. Na\u0161a izbrana vina &#8211; cenik STORITEV Cena v EUR 3 urno &hellip; Read more &quot;Razvajanje&quot;\" \/>\n<meta property=\"og:url\" content=\"http:\/\/www.jeruzalempuklavec.si\/index.php\/razvajanje\/\" \/>\n<meta property=\"og:site_name\" content=\"Turisti\u010dna kmetija Puklavec\" \/>\n<meta property=\"article:publisher\" content=\"https:\/\/www.facebook.com\/turisticnakmetija.puklavec\/?locale=sl_SI\" \/>\n<meta property=\"article:modified_time\" content=\"2024-03-03T20:58:31+00:00\" \/>\n<meta property=\"og:image\" content=\"http:\/\/www.jeruzalempuklavec.si\/wp-content\/uploads\/2024\/03\/cropped-428092525_1921678631600665_6712282443396172194_n.jpg\" \/>\n\t<meta property=\"og:image:width\" content=\"2000\" \/>\n\t<meta property=\"og:image:height\" content=\"1199\" \/>\n\t<meta property=\"og:image:type\" content=\"image\/jpeg\" \/>\n<meta name=\"twitter:card\" content=\"summary_large_image\" \/>\n<script type=\"application\/ld+json\" class=\"yoast-schema-graph\">{\"@context\":\"https:\/\/schema.org\",\"@graph\":[{\"@type\":\"WebPage\",\"@id\":\"http:\/\/www.jeruzalempuklavec.si\/index.php\/razvajanje\/\",\"url\":\"http:\/\/www.jeruzalempuklavec.si\/index.php\/razvajanje\/\",\"name\":\"Razvajanje - Turisti\u010dna kmetija Puklavec\",\"isPartOf\":{\"@id\":\"https:\/\/www.jeruzalempuklavec.si\/#website\"},\"primaryImageOfPage\":{\"@id\":\"http:\/\/www.jeruzalempuklavec.si\/index.php\/razvajanje\/#primaryimage\"},\"image\":{\"@id\":\"http:\/\/www.jeruzalempuklavec.si\/index.php\/razvajanje\/#primaryimage\"},\"thumbnailUrl\":\"http:\/\/www.jeruzalempuklavec.si\/wp-content\/uploads\/2024\/03\/cropped-428092525_1921678631600665_6712282443396172194_n.jpg\",\"datePublished\":\"2024-03-03T16:10:21+00:00\",\"dateModified\":\"2024-03-03T20:58:31+00:00\",\"breadcrumb\":{\"@id\":\"http:\/\/www.jeruzalempuklavec.si\/index.php\/razvajanje\/#breadcrumb\"},\"inLanguage\":\"sl-SI\",\"potentialAction\":[{\"@type\":\"ReadAction\",\"target\":[\"http:\/\/www.jeruzalempuklavec.si\/index.php\/razvajanje\/\"]}]},{\"@type\":\"ImageObject\",\"inLanguage\":\"sl-SI\",\"@id\":\"http:\/\/www.jeruzalempuklavec.si\/index.php\/razvajanje\/#primaryimage\",\"url\":\"http:\/\/www.jeruzalempuklavec.si\/wp-content\/uploads\/2024\/03\/cropped-428092525_1921678631600665_6712282443396172194_n.jpg\",\"contentUrl\":\"http:\/\/www.jeruzalempuklavec.si\/wp-content\/uploads\/2024\/03\/cropped-428092525_1921678631600665_6712282443396172194_n.jpg\",\"width\":2000,\"height\":1199},{\"@type\":\"BreadcrumbList\",\"@id\":\"http:\/\/www.jeruzalempuklavec.si\/index.php\/razvajanje\/#breadcrumb\",\"itemListElement\":[{\"@type\":\"ListItem\",\"position\":1,\"name\":\"Home\",\"item\":\"https:\/\/www.jeruzalempuklavec.si\/\"},{\"@type\":\"ListItem\",\"position\":2,\"name\":\"Razvajanje\"}]},{\"@type\":\"WebSite\",\"@id\":\"https:\/\/www.jeruzalempuklavec.si\/#website\",\"url\":\"https:\/\/www.jeruzalempuklavec.si\/\",\"name\":\"Turisti\u010dna kmetija Puklavec\",\"description\":\"Vina, preno\u010di&scaron;\u010da, oddih, kulinarika\",\"publisher\":{\"@id\":\"https:\/\/www.jeruzalempuklavec.si\/#organization\"},\"potentialAction\":[{\"@type\":\"SearchAction\",\"target\":{\"@type\":\"EntryPoint\",\"urlTemplate\":\"https:\/\/www.jeruzalempuklavec.si\/?s={search_term_string}\"},\"query-input\":{\"@type\":\"PropertyValueSpecification\",\"valueRequired\":true,\"valueName\":\"search_term_string\"}}],\"inLanguage\":\"sl-SI\"},{\"@type\":\"Organization\",\"@id\":\"https:\/\/www.jeruzalempuklavec.si\/#organization\",\"name\":\"Turisti\u010dna kmetija Puklavec\",\"url\":\"https:\/\/www.jeruzalempuklavec.si\/\",\"logo\":{\"@type\":\"ImageObject\",\"inLanguage\":\"sl-SI\",\"@id\":\"https:\/\/www.jeruzalempuklavec.si\/#\/schema\/logo\/image\/\",\"url\":\"http:\/\/www.jeruzalempuklavec.si\/wp-content\/uploads\/2023\/05\/puklavec.png\",\"contentUrl\":\"http:\/\/www.jeruzalempuklavec.si\/wp-content\/uploads\/2023\/05\/puklavec.png\",\"width\":1722,\"height\":862,\"caption\":\"Turisti\u010dna kmetija Puklavec\"},\"image\":{\"@id\":\"https:\/\/www.jeruzalempuklavec.si\/#\/schema\/logo\/image\/\"},\"sameAs\":[\"https:\/\/www.facebook.com\/turisticnakmetija.puklavec\/?locale=sl_SI\"]}]}<\/script>\n<!-- \/ Yoast SEO plugin. -->","yoast_head_json":{"title":"Razvajanje - Turisti\u010dna kmetija Puklavec","robots":{"index":"index","follow":"follow","max-snippet":"max-snippet:-1","max-image-preview":"max-image-preview:large","max-video-preview":"max-video-preview:-1"},"canonical":"http:\/\/www.jeruzalempuklavec.si\/index.php\/razvajanje\/","og_locale":"sl_SI","og_type":"article","og_title":"Razvajanje - Turisti\u010dna kmetija Puklavec","og_description":"Pred kratkim smo na\u0161im storitvam dodali razvajanja z bazenom in savnami. Zraven dobrih vin se lahko na na\u0161i kmetiji razvajate tudi s sprostitvijo med vinogradi. Izkoristite na\u0161e popolno razvajanje v dvoje v na\u0161i posebni sobi z jakuzzijem, savno in vsem ostalim za nepozabno do\u017eivetje. Na\u0161a izbrana vina &#8211; cenik STORITEV Cena v EUR 3 urno &hellip; Read more \"Razvajanje\"","og_url":"http:\/\/www.jeruzalempuklavec.si\/index.php\/razvajanje\/","og_site_name":"Turisti\u010dna kmetija Puklavec","article_publisher":"https:\/\/www.facebook.com\/turisticnakmetija.puklavec\/?locale=sl_SI","article_modified_time":"2024-03-03T20:58:31+00:00","og_image":[{"width":2000,"height":1199,"url":"http:\/\/www.jeruzalempuklavec.si\/wp-content\/uploads\/2024\/03\/cropped-428092525_1921678631600665_6712282443396172194_n.jpg","type":"image\/jpeg"}],"twitter_card":"summary_large_image","schema":{"@context":"https:\/\/schema.org","@graph":[{"@type":"WebPage","@id":"http:\/\/www.jeruzalempuklavec.si\/index.php\/razvajanje\/","url":"http:\/\/www.jeruzalempuklavec.si\/index.php\/razvajanje\/","name":"Razvajanje - Turisti\u010dna kmetija Puklavec","isPartOf":{"@id":"https:\/\/www.jeruzalempuklavec.si\/#website"},"primaryImageOfPage":{"@id":"http:\/\/www.jeruzalempuklavec.si\/index.php\/razvajanje\/#primaryimage"},"image":{"@id":"http:\/\/www.jeruzalempuklavec.si\/index.php\/razvajanje\/#primaryimage"},"thumbnailUrl":"http:\/\/www.jeruzalempuklavec.si\/wp-content\/uploads\/2024\/03\/cropped-428092525_1921678631600665_6712282443396172194_n.jpg","datePublished":"2024-03-03T16:10:21+00:00","dateModified":"2024-03-03T20:58:31+00:00","breadcrumb":{"@id":"http:\/\/www.jeruzalempuklavec.si\/index.php\/razvajanje\/#breadcrumb"},"inLanguage":"sl-SI","potentialAction":[{"@type":"ReadAction","target":["http:\/\/www.jeruzalempuklavec.si\/index.php\/razvajanje\/"]}]},{"@type":"ImageObject","inLanguage":"sl-SI","@id":"http:\/\/www.jeruzalempuklavec.si\/index.php\/razvajanje\/#primaryimage","url":"http:\/\/www.jeruzalempuklavec.si\/wp-content\/uploads\/2024\/03\/cropped-428092525_1921678631600665_6712282443396172194_n.jpg","contentUrl":"http:\/\/www.jeruzalempuklavec.si\/wp-content\/uploads\/2024\/03\/cropped-428092525_1921678631600665_6712282443396172194_n.jpg","width":2000,"height":1199},{"@type":"BreadcrumbList","@id":"http:\/\/www.jeruzalempuklavec.si\/index.php\/razvajanje\/#breadcrumb","itemListElement":[{"@type":"ListItem","position":1,"name":"Home","item":"https:\/\/www.jeruzalempuklavec.si\/"},{"@type":"ListItem","position":2,"name":"Razvajanje"}]},{"@type":"WebSite","@id":"https:\/\/www.jeruzalempuklavec.si\/#website","url":"https:\/\/www.jeruzalempuklavec.si\/","name":"Turisti\u010dna kmetija Puklavec","description":"Vina, preno\u010di&scaron;\u010da, oddih, kulinarika","publisher":{"@id":"https:\/\/www.jeruzalempuklavec.si\/#organization"},"potentialAction":[{"@type":"SearchAction","target":{"@type":"EntryPoint","urlTemplate":"https:\/\/www.jeruzalempuklavec.si\/?s={search_term_string}"},"query-input":{"@type":"PropertyValueSpecification","valueRequired":true,"valueName":"search_term_string"}}],"inLanguage":"sl-SI"},{"@type":"Organization","@id":"https:\/\/www.jeruzalempuklavec.si\/#organization","name":"Turisti\u010dna kmetija Puklavec","url":"https:\/\/www.jeruzalempuklavec.si\/","logo":{"@type":"ImageObject","inLanguage":"sl-SI","@id":"https:\/\/www.jeruzalempuklavec.si\/#\/schema\/logo\/image\/","url":"http:\/\/www.jeruzalempuklavec.si\/wp-content\/uploads\/2023\/05\/puklavec.png","contentUrl":"http:\/\/www.jeruzalempuklavec.si\/wp-content\/uploads\/2023\/05\/puklavec.png","width":1722,"height":862,"caption":"Turisti\u010dna kmetija Puklavec"},"image":{"@id":"https:\/\/www.jeruzalempuklavec.si\/#\/schema\/logo\/image\/"},"sameAs":["https:\/\/www.facebook.com\/turisticnakmetija.puklavec\/?locale=sl_SI"]}]}},"featured_media_urls":{"thumbnail":["http:\/\/www.jeruzalempuklavec.si\/wp-content\/uploads\/2024\/03\/cropped-428092525_1921678631600665_6712282443396172194_n-150x150.jpg",150,150,true],"medium":["http:\/\/www.jeruzalempuklavec.si\/wp-content\/uploads\/2024\/03\/cropped-428092525_1921678631600665_6712282443396172194_n-300x180.jpg",300,180,true],"medium_large":["http:\/\/www.jeruzalempuklavec.si\/wp-content\/uploads\/2024\/03\/cropped-428092525_1921678631600665_6712282443396172194_n.jpg",768,460,false],"large":["http:\/\/www.jeruzalempuklavec.si\/wp-content\/uploads\/2024\/03\/cropped-428092525_1921678631600665_6712282443396172194_n-1024x614.jpg",950,570,true],"1536x1536":["http:\/\/www.jeruzalempuklavec.si\/wp-content\/uploads\/2024\/03\/cropped-428092525_1921678631600665_6712282443396172194_n-1536x921.jpg",1536,921,true],"2048x2048":["http:\/\/www.jeruzalempuklavec.si\/wp-content\/uploads\/2024\/03\/cropped-428092525_1921678631600665_6712282443396172194_n.jpg",2000,1199,false],"inspiro-featured-image":["http:\/\/www.jeruzalempuklavec.si\/wp-content\/uploads\/2024\/03\/cropped-428092525_1921678631600665_6712282443396172194_n.jpg",2000,1199,false],"inspiro-loop":["http:\/\/www.jeruzalempuklavec.si\/wp-content\/uploads\/2024\/03\/cropped-428092525_1921678631600665_6712282443396172194_n-950x320.jpg",950,320,true],"inspiro-loop@2x":["http:\/\/www.jeruzalempuklavec.si\/wp-content\/uploads\/2024\/03\/cropped-428092525_1921678631600665_6712282443396172194_n-1900x640.jpg",1900,640,true],"portfolio_item-thumbnail":["http:\/\/www.jeruzalempuklavec.si\/wp-content\/uploads\/2024\/03\/cropped-428092525_1921678631600665_6712282443396172194_n-600x400.jpg",600,400,true],"portfolio_item-thumbnail@2x":["http:\/\/www.jeruzalempuklavec.si\/wp-content\/uploads\/2024\/03\/cropped-428092525_1921678631600665_6712282443396172194_n-1200x800.jpg",1200,800,true],"portfolio_item-masonry":["http:\/\/www.jeruzalempuklavec.si\/wp-content\/uploads\/2024\/03\/cropped-428092525_1921678631600665_6712282443396172194_n-600x360.jpg",600,360,true],"portfolio_item-masonry@2x":["http:\/\/www.jeruzalempuklavec.si\/wp-content\/uploads\/2024\/03\/cropped-428092525_1921678631600665_6712282443396172194_n-1200x719.jpg",1200,719,true],"portfolio_item-thumbnail_cinema":["http:\/\/www.jeruzalempuklavec.si\/wp-content\/uploads\/2024\/03\/cropped-428092525_1921678631600665_6712282443396172194_n-800x335.jpg",800,335,true],"portfolio_item-thumbnail_portrait":["http:\/\/www.jeruzalempuklavec.si\/wp-content\/uploads\/2024\/03\/cropped-428092525_1921678631600665_6712282443396172194_n-600x900.jpg",600,900,true],"portfolio_item-thumbnail_portrait@2x":["http:\/\/www.jeruzalempuklavec.si\/wp-content\/uploads\/2024\/03\/cropped-428092525_1921678631600665_6712282443396172194_n-1200x1199.jpg",1200,1199,true],"portfolio_item-thumbnail_square":["http:\/\/www.jeruzalempuklavec.si\/wp-content\/uploads\/2024\/03\/cropped-428092525_1921678631600665_6712282443396172194_n-800x800.jpg",800,800,true]},"_links":{"self":[{"href":"http:\/\/www.jeruzalempuklavec.si\/index.php\/wp-json\/wp\/v2\/pages\/47"}],"collection":[{"href":"http:\/\/www.jeruzalempuklavec.si\/index.php\/wp-json\/wp\/v2\/pages"}],"about":[{"href":"http:\/\/www.jeruzalempuklavec.si\/index.php\/wp-json\/wp\/v2\/types\/page"}],"author":[{"embeddable":true,"href":"http:\/\/www.jeruzalempuklavec.si\/index.php\/wp-json\/wp\/v2\/users\/1"}],"replies":[{"embeddable":true,"href":"http:\/\/www.jeruzalempuklavec.si\/index.php\/wp-json\/wp\/v2\/comments?post=47"}],"version-history":[{"count":10,"href":"http:\/\/www.jeruzalempuklavec.si\/index.php\/wp-json\/wp\/v2\/pages\/47\/revisions"}],"predecessor-version":[{"id":244,"href":"http:\/\/www.jeruzalempuklavec.si\/index.php\/wp-json\/wp\/v2\/pages\/47\/revisions\/244"}],"wp:featuredmedia":[{"embeddable":true,"href":"http:\/\/www.jeruzalempuklavec.si\/index.php\/wp-json\/wp\/v2\/media\/113"}],"wp:attachment":[{"href":"http:\/\/www.jeruzalempuklavec.si\/index.php\/wp-json\/wp\/v2\/media?parent=47"}],"curies":[{"name":"wp","href":"https:\/\/api.w.org\/{rel}","templated":true}]}}