{"id":45,"date":"2024-03-03T16:10:00","date_gmt":"2024-03-03T16:10:00","guid":{"rendered":"http:\/\/www.jeruzalempuklavec.si\/?page_id=45"},"modified":"2024-03-03T20:33:50","modified_gmt":"2024-03-03T20:33:50","slug":"vino","status":"publish","type":"page","link":"http:\/\/www.jeruzalempuklavec.si\/index.php\/vino\/","title":{"rendered":"Vino"},"content":{"rendered":"\n<p>Na\u0161a izbrana sve\u017ea in premium vina, ki jih boste lahko pokusili pri nas:<\/p>\n\n\n\n<figure class=\"wp-block-table is-style-regular\"><table><tbody><tr><td class=\"has-text-align-left\" data-align=\"left\"><\/td><td>Letnik<\/td><\/tr><tr><td class=\"has-text-align-left\" data-align=\"left\">Sauvignon<\/td><td>2022, 2023<\/td><\/tr><tr><td class=\"has-text-align-left\" data-align=\"left\">Rose<\/td><td>2023<\/td><\/tr><tr><td class=\"has-text-align-left\" data-align=\"left\">Modri pinot<\/td><td>2022<\/td><\/tr><tr><td class=\"has-text-align-left\" data-align=\"left\">Mu\u0161kat otonel<\/td><td>2022, 2023<\/td><\/tr><tr><td class=\"has-text-align-left\" data-align=\"left\">\u0160ipon<\/td><td>2022, 2023<\/td><\/tr><tr><td class=\"has-text-align-left\" data-align=\"left\">Sauvignon Premuim<\/td><td>2018<\/td><\/tr><tr><td class=\"has-text-align-left\" data-align=\"left\">\u0160ipon Premium<\/td><td>2018<\/td><\/tr><\/tbody><\/table><\/figure>\n","protected":false},"excerpt":{"rendered":"<p>Na\u0161a izbrana sve\u017ea in premium vina, ki jih boste lahko pokusili pri nas: Letnik Sauvignon 2022, 2023 Rose 2023 Modri pinot 2022 Mu\u0161kat otonel 2022, 2023 \u0160ipon 2022, 2023 Sauvignon Premuim 2018 \u0160ipon Premium 2018<\/p>\n","protected":false},"author":1,"featured_media":208,"parent":0,"menu_order":0,"comment_status":"closed","ping_status":"closed","template":"","meta":{"footnotes":"","inspiro_hide_title":false},"yoast_head":"<!-- This site is optimized with the Yoast SEO plugin v23.5 - https:\/\/yoast.com\/wordpress\/plugins\/seo\/ -->\n<title>Vino - Turisti\u010dna kmetija Puklavec<\/title>\n<meta name=\"robots\" content=\"index, follow, max-snippet:-1, max-image-preview:large, max-video-preview:-1\" \/>\n<link rel=\"canonical\" href=\"http:\/\/www.jeruzalempuklavec.si\/index.php\/vino\/\" \/>\n<meta property=\"og:locale\" content=\"sl_SI\" \/>\n<meta property=\"og:type\" content=\"article\" \/>\n<meta property=\"og:title\" content=\"Vino - Turisti\u010dna kmetija Puklavec\" \/>\n<meta property=\"og:description\" content=\"Na\u0161a izbrana sve\u017ea in premium vina, ki jih boste lahko pokusili pri nas: Letnik Sauvignon 2022, 2023 Rose 2023 Modri pinot 2022 Mu\u0161kat otonel 2022, 2023 \u0160ipon 2022, 2023 Sauvignon Premuim 2018 \u0160ipon Premium 2018\" \/>\n<meta property=\"og:url\" content=\"http:\/\/www.jeruzalempuklavec.si\/index.php\/vino\/\" \/>\n<meta property=\"og:site_name\" content=\"Turisti\u010dna kmetija Puklavec\" \/>\n<meta property=\"article:publisher\" content=\"https:\/\/www.facebook.com\/turisticnakmetija.puklavec\/?locale=sl_SI\" \/>\n<meta property=\"article:modified_time\" content=\"2024-03-03T20:33:50+00:00\" \/>\n<meta property=\"og:image\" content=\"http:\/\/www.jeruzalempuklavec.si\/wp-content\/uploads\/2024\/03\/428452794_3620569488199484_3506515239283397513_n.jpg\" \/>\n\t<meta property=\"og:image:width\" content=\"2048\" \/>\n\t<meta property=\"og:image:height\" content=\"1536\" \/>\n\t<meta property=\"og:image:type\" content=\"image\/jpeg\" \/>\n<meta name=\"twitter:card\" content=\"summary_large_image\" \/>\n<script type=\"application\/ld+json\" class=\"yoast-schema-graph\">{\"@context\":\"https:\/\/schema.org\",\"@graph\":[{\"@type\":\"WebPage\",\"@id\":\"http:\/\/www.jeruzalempuklavec.si\/index.php\/vino\/\",\"url\":\"http:\/\/www.jeruzalempuklavec.si\/index.php\/vino\/\",\"name\":\"Vino - Turisti\u010dna kmetija Puklavec\",\"isPartOf\":{\"@id\":\"http:\/\/www.jeruzalempuklavec.si\/#website\"},\"primaryImageOfPage\":{\"@id\":\"http:\/\/www.jeruzalempuklavec.si\/index.php\/vino\/#primaryimage\"},\"image\":{\"@id\":\"http:\/\/www.jeruzalempuklavec.si\/index.php\/vino\/#primaryimage\"},\"thumbnailUrl\":\"http:\/\/www.jeruzalempuklavec.si\/wp-content\/uploads\/2024\/03\/428452794_3620569488199484_3506515239283397513_n.jpg\",\"datePublished\":\"2024-03-03T16:10:00+00:00\",\"dateModified\":\"2024-03-03T20:33:50+00:00\",\"breadcrumb\":{\"@id\":\"http:\/\/www.jeruzalempuklavec.si\/index.php\/vino\/#breadcrumb\"},\"inLanguage\":\"sl-SI\",\"potentialAction\":[{\"@type\":\"ReadAction\",\"target\":[\"http:\/\/www.jeruzalempuklavec.si\/index.php\/vino\/\"]}]},{\"@type\":\"ImageObject\",\"inLanguage\":\"sl-SI\",\"@id\":\"http:\/\/www.jeruzalempuklavec.si\/index.php\/vino\/#primaryimage\",\"url\":\"http:\/\/www.jeruzalempuklavec.si\/wp-content\/uploads\/2024\/03\/428452794_3620569488199484_3506515239283397513_n.jpg\",\"contentUrl\":\"http:\/\/www.jeruzalempuklavec.si\/wp-content\/uploads\/2024\/03\/428452794_3620569488199484_3506515239283397513_n.jpg\",\"width\":2048,\"height\":1536},{\"@type\":\"BreadcrumbList\",\"@id\":\"http:\/\/www.jeruzalempuklavec.si\/index.php\/vino\/#breadcrumb\",\"itemListElement\":[{\"@type\":\"ListItem\",\"position\":1,\"name\":\"Home\",\"item\":\"http:\/\/www.jeruzalempuklavec.si\/\"},{\"@type\":\"ListItem\",\"position\":2,\"name\":\"Vino\"}]},{\"@type\":\"WebSite\",\"@id\":\"http:\/\/www.jeruzalempuklavec.si\/#website\",\"url\":\"http:\/\/www.jeruzalempuklavec.si\/\",\"name\":\"Turisti\u010dna kmetija Puklavec\",\"description\":\"Vina, preno\u010di&scaron;\u010da, oddih, kulinarika\",\"publisher\":{\"@id\":\"http:\/\/www.jeruzalempuklavec.si\/#organization\"},\"potentialAction\":[{\"@type\":\"SearchAction\",\"target\":{\"@type\":\"EntryPoint\",\"urlTemplate\":\"http:\/\/www.jeruzalempuklavec.si\/?s={search_term_string}\"},\"query-input\":{\"@type\":\"PropertyValueSpecification\",\"valueRequired\":true,\"valueName\":\"search_term_string\"}}],\"inLanguage\":\"sl-SI\"},{\"@type\":\"Organization\",\"@id\":\"http:\/\/www.jeruzalempuklavec.si\/#organization\",\"name\":\"Turisti\u010dna kmetija Puklavec\",\"url\":\"http:\/\/www.jeruzalempuklavec.si\/\",\"logo\":{\"@type\":\"ImageObject\",\"inLanguage\":\"sl-SI\",\"@id\":\"http:\/\/www.jeruzalempuklavec.si\/#\/schema\/logo\/image\/\",\"url\":\"http:\/\/www.jeruzalempuklavec.si\/wp-content\/uploads\/2023\/05\/puklavec.png\",\"contentUrl\":\"http:\/\/www.jeruzalempuklavec.si\/wp-content\/uploads\/2023\/05\/puklavec.png\",\"width\":1722,\"height\":862,\"caption\":\"Turisti\u010dna kmetija Puklavec\"},\"image\":{\"@id\":\"http:\/\/www.jeruzalempuklavec.si\/#\/schema\/logo\/image\/\"},\"sameAs\":[\"https:\/\/www.facebook.com\/turisticnakmetija.puklavec\/?locale=sl_SI\"]}]}<\/script>\n<!-- \/ Yoast SEO plugin. -->","yoast_head_json":{"title":"Vino - Turisti\u010dna kmetija Puklavec","robots":{"index":"index","follow":"follow","max-snippet":"max-snippet:-1","max-image-preview":"max-image-preview:large","max-video-preview":"max-video-preview:-1"},"canonical":"http:\/\/www.jeruzalempuklavec.si\/index.php\/vino\/","og_locale":"sl_SI","og_type":"article","og_title":"Vino - Turisti\u010dna kmetija Puklavec","og_description":"Na\u0161a izbrana sve\u017ea in premium vina, ki jih boste lahko pokusili pri nas: Letnik Sauvignon 2022, 2023 Rose 2023 Modri pinot 2022 Mu\u0161kat otonel 2022, 2023 \u0160ipon 2022, 2023 Sauvignon Premuim 2018 \u0160ipon Premium 2018","og_url":"http:\/\/www.jeruzalempuklavec.si\/index.php\/vino\/","og_site_name":"Turisti\u010dna kmetija Puklavec","article_publisher":"https:\/\/www.facebook.com\/turisticnakmetija.puklavec\/?locale=sl_SI","article_modified_time":"2024-03-03T20:33:50+00:00","og_image":[{"width":2048,"height":1536,"url":"http:\/\/www.jeruzalempuklavec.si\/wp-content\/uploads\/2024\/03\/428452794_3620569488199484_3506515239283397513_n.jpg","type":"image\/jpeg"}],"twitter_card":"summary_large_image","schema":{"@context":"https:\/\/schema.org","@graph":[{"@type":"WebPage","@id":"http:\/\/www.jeruzalempuklavec.si\/index.php\/vino\/","url":"http:\/\/www.jeruzalempuklavec.si\/index.php\/vino\/","name":"Vino - Turisti\u010dna kmetija Puklavec","isPartOf":{"@id":"http:\/\/www.jeruzalempuklavec.si\/#website"},"primaryImageOfPage":{"@id":"http:\/\/www.jeruzalempuklavec.si\/index.php\/vino\/#primaryimage"},"image":{"@id":"http:\/\/www.jeruzalempuklavec.si\/index.php\/vino\/#primaryimage"},"thumbnailUrl":"http:\/\/www.jeruzalempuklavec.si\/wp-content\/uploads\/2024\/03\/428452794_3620569488199484_3506515239283397513_n.jpg","datePublished":"2024-03-03T16:10:00+00:00","dateModified":"2024-03-03T20:33:50+00:00","breadcrumb":{"@id":"http:\/\/www.jeruzalempuklavec.si\/index.php\/vino\/#breadcrumb"},"inLanguage":"sl-SI","potentialAction":[{"@type":"ReadAction","target":["http:\/\/www.jeruzalempuklavec.si\/index.php\/vino\/"]}]},{"@type":"ImageObject","inLanguage":"sl-SI","@id":"http:\/\/www.jeruzalempuklavec.si\/index.php\/vino\/#primaryimage","url":"http:\/\/www.jeruzalempuklavec.si\/wp-content\/uploads\/2024\/03\/428452794_3620569488199484_3506515239283397513_n.jpg","contentUrl":"http:\/\/www.jeruzalempuklavec.si\/wp-content\/uploads\/2024\/03\/428452794_3620569488199484_3506515239283397513_n.jpg","width":2048,"height":1536},{"@type":"BreadcrumbList","@id":"http:\/\/www.jeruzalempuklavec.si\/index.php\/vino\/#breadcrumb","itemListElement":[{"@type":"ListItem","position":1,"name":"Home","item":"http:\/\/www.jeruzalempuklavec.si\/"},{"@type":"ListItem","position":2,"name":"Vino"}]},{"@type":"WebSite","@id":"http:\/\/www.jeruzalempuklavec.si\/#website","url":"http:\/\/www.jeruzalempuklavec.si\/","name":"Turisti\u010dna kmetija Puklavec","description":"Vina, preno\u010di&scaron;\u010da, oddih, kulinarika","publisher":{"@id":"http:\/\/www.jeruzalempuklavec.si\/#organization"},"potentialAction":[{"@type":"SearchAction","target":{"@type":"EntryPoint","urlTemplate":"http:\/\/www.jeruzalempuklavec.si\/?s={search_term_string}"},"query-input":{"@type":"PropertyValueSpecification","valueRequired":true,"valueName":"search_term_string"}}],"inLanguage":"sl-SI"},{"@type":"Organization","@id":"http:\/\/www.jeruzalempuklavec.si\/#organization","name":"Turisti\u010dna kmetija Puklavec","url":"http:\/\/www.jeruzalempuklavec.si\/","logo":{"@type":"ImageObject","inLanguage":"sl-SI","@id":"http:\/\/www.jeruzalempuklavec.si\/#\/schema\/logo\/image\/","url":"http:\/\/www.jeruzalempuklavec.si\/wp-content\/uploads\/2023\/05\/puklavec.png","contentUrl":"http:\/\/www.jeruzalempuklavec.si\/wp-content\/uploads\/2023\/05\/puklavec.png","width":1722,"height":862,"caption":"Turisti\u010dna kmetija Puklavec"},"image":{"@id":"http:\/\/www.jeruzalempuklavec.si\/#\/schema\/logo\/image\/"},"sameAs":["https:\/\/www.facebook.com\/turisticnakmetija.puklavec\/?locale=sl_SI"]}]}},"featured_media_urls":{"thumbnail":["http:\/\/www.jeruzalempuklavec.si\/wp-content\/uploads\/2024\/03\/428452794_3620569488199484_3506515239283397513_n-150x150.jpg",150,150,true],"medium":["http:\/\/www.jeruzalempuklavec.si\/wp-content\/uploads\/2024\/03\/428452794_3620569488199484_3506515239283397513_n-300x225.jpg",300,225,true],"medium_large":["http:\/\/www.jeruzalempuklavec.si\/wp-content\/uploads\/2024\/03\/428452794_3620569488199484_3506515239283397513_n.jpg",768,576,false],"large":["http:\/\/www.jeruzalempuklavec.si\/wp-content\/uploads\/2024\/03\/428452794_3620569488199484_3506515239283397513_n-1024x768.jpg",950,713,true],"1536x1536":["http:\/\/www.jeruzalempuklavec.si\/wp-content\/uploads\/2024\/03\/428452794_3620569488199484_3506515239283397513_n-1536x1152.jpg",1536,1152,true],"2048x2048":["http:\/\/www.jeruzalempuklavec.si\/wp-content\/uploads\/2024\/03\/428452794_3620569488199484_3506515239283397513_n.jpg",2048,1536,false],"inspiro-featured-image":["http:\/\/www.jeruzalempuklavec.si\/wp-content\/uploads\/2024\/03\/428452794_3620569488199484_3506515239283397513_n-2000x1500.jpg",2000,1500,true],"inspiro-loop":["http:\/\/www.jeruzalempuklavec.si\/wp-content\/uploads\/2024\/03\/428452794_3620569488199484_3506515239283397513_n-950x320.jpg",950,320,true],"inspiro-loop@2x":["http:\/\/www.jeruzalempuklavec.si\/wp-content\/uploads\/2024\/03\/428452794_3620569488199484_3506515239283397513_n-1900x640.jpg",1900,640,true],"portfolio_item-thumbnail":["http:\/\/www.jeruzalempuklavec.si\/wp-content\/uploads\/2024\/03\/428452794_3620569488199484_3506515239283397513_n-600x400.jpg",600,400,true],"portfolio_item-thumbnail@2x":["http:\/\/www.jeruzalempuklavec.si\/wp-content\/uploads\/2024\/03\/428452794_3620569488199484_3506515239283397513_n-1200x800.jpg",1200,800,true],"portfolio_item-masonry":["http:\/\/www.jeruzalempuklavec.si\/wp-content\/uploads\/2024\/03\/428452794_3620569488199484_3506515239283397513_n-600x450.jpg",600,450,true],"portfolio_item-masonry@2x":["http:\/\/www.jeruzalempuklavec.si\/wp-content\/uploads\/2024\/03\/428452794_3620569488199484_3506515239283397513_n-1200x900.jpg",1200,900,true],"portfolio_item-thumbnail_cinema":["http:\/\/www.jeruzalempuklavec.si\/wp-content\/uploads\/2024\/03\/428452794_3620569488199484_3506515239283397513_n-800x335.jpg",800,335,true],"portfolio_item-thumbnail_portrait":["http:\/\/www.jeruzalempuklavec.si\/wp-content\/uploads\/2024\/03\/428452794_3620569488199484_3506515239283397513_n-600x900.jpg",600,900,true],"portfolio_item-thumbnail_portrait@2x":["http:\/\/www.jeruzalempuklavec.si\/wp-content\/uploads\/2024\/03\/428452794_3620569488199484_3506515239283397513_n-1200x1536.jpg",1200,1536,true],"portfolio_item-thumbnail_square":["http:\/\/www.jeruzalempuklavec.si\/wp-content\/uploads\/2024\/03\/428452794_3620569488199484_3506515239283397513_n-800x800.jpg",800,800,true]},"_links":{"self":[{"href":"http:\/\/www.jeruzalempuklavec.si\/index.php\/wp-json\/wp\/v2\/pages\/45"}],"collection":[{"href":"http:\/\/www.jeruzalempuklavec.si\/index.php\/wp-json\/wp\/v2\/pages"}],"about":[{"href":"http:\/\/www.jeruzalempuklavec.si\/index.php\/wp-json\/wp\/v2\/types\/page"}],"author":[{"embeddable":true,"href":"http:\/\/www.jeruzalempuklavec.si\/index.php\/wp-json\/wp\/v2\/users\/1"}],"replies":[{"embeddable":true,"href":"http:\/\/www.jeruzalempuklavec.si\/index.php\/wp-json\/wp\/v2\/comments?post=45"}],"version-history":[{"count":5,"href":"http:\/\/www.jeruzalempuklavec.si\/index.php\/wp-json\/wp\/v2\/pages\/45\/revisions"}],"predecessor-version":[{"id":207,"href":"http:\/\/www.jeruzalempuklavec.si\/index.php\/wp-json\/wp\/v2\/pages\/45\/revisions\/207"}],"wp:featuredmedia":[{"embeddable":true,"href":"http:\/\/www.jeruzalempuklavec.si\/index.php\/wp-json\/wp\/v2\/media\/208"}],"wp:attachment":[{"href":"http:\/\/www.jeruzalempuklavec.si\/index.php\/wp-json\/wp\/v2\/media?parent=45"}],"curies":[{"name":"wp","href":"https:\/\/api.w.org\/{rel}","templated":true}]}}