{"id":266,"date":"2024-07-16T08:31:56","date_gmt":"2024-07-16T08:31:56","guid":{"rendered":"http:\/\/www.jeruzalempuklavec.si\/?page_id=266"},"modified":"2024-07-16T08:34:06","modified_gmt":"2024-07-16T08:34:06","slug":"kontakt-za-rezervacije-prenocisca","status":"publish","type":"page","link":"http:\/\/www.jeruzalempuklavec.si\/index.php\/kontakt-za-rezervacije-prenocisca\/","title":{"rendered":"Kontakt za rezervacije &#038; preno\u010di\u0161\u010da"},"content":{"rendered":"\n<p class=\"has-text-align-center has-large-font-size\">GSM: +38641916343<\/p>\n\n\n\n<p class=\"has-text-align-center has-large-font-size\"><a href=\"mailto:info.jeruzalempuklavec@gmail.com\">info.jeruzalempuklavec@gmail.com<\/a><\/p>\n","protected":false},"excerpt":{"rendered":"<p>GSM: +38641916343 info.jeruzalempuklavec@gmail.com<\/p>\n","protected":false},"author":1,"featured_media":0,"parent":0,"menu_order":0,"comment_status":"closed","ping_status":"closed","template":"","meta":{"footnotes":"","inspiro_hide_title":false},"yoast_head":"<!-- This site is optimized with the Yoast SEO plugin v23.5 - https:\/\/yoast.com\/wordpress\/plugins\/seo\/ -->\n<title>Kontakt za rezervacije &amp; preno\u010di\u0161\u010da - Turisti\u010dna kmetija Puklavec<\/title>\n<meta name=\"robots\" content=\"index, follow, max-snippet:-1, max-image-preview:large, max-video-preview:-1\" \/>\n<link rel=\"canonical\" href=\"https:\/\/www.jeruzalempuklavec.si\/index.php\/kontakt-za-rezervacije-prenocisca\/\" \/>\n<meta property=\"og:locale\" content=\"sl_SI\" \/>\n<meta property=\"og:type\" content=\"article\" \/>\n<meta property=\"og:title\" content=\"Kontakt za rezervacije &amp; preno\u010di\u0161\u010da - Turisti\u010dna kmetija Puklavec\" \/>\n<meta property=\"og:description\" content=\"GSM: +38641916343 info.jeruzalempuklavec@gmail.com\" \/>\n<meta property=\"og:url\" content=\"https:\/\/www.jeruzalempuklavec.si\/index.php\/kontakt-za-rezervacije-prenocisca\/\" \/>\n<meta property=\"og:site_name\" content=\"Turisti\u010dna kmetija Puklavec\" \/>\n<meta property=\"article:publisher\" content=\"https:\/\/www.facebook.com\/turisticnakmetija.puklavec\/?locale=sl_SI\" \/>\n<meta property=\"article:modified_time\" content=\"2024-07-16T08:34:06+00:00\" \/>\n<meta name=\"twitter:card\" content=\"summary_large_image\" \/>\n<script type=\"application\/ld+json\" class=\"yoast-schema-graph\">{\"@context\":\"https:\/\/schema.org\",\"@graph\":[{\"@type\":\"WebPage\",\"@id\":\"https:\/\/www.jeruzalempuklavec.si\/index.php\/kontakt-za-rezervacije-prenocisca\/\",\"url\":\"https:\/\/www.jeruzalempuklavec.si\/index.php\/kontakt-za-rezervacije-prenocisca\/\",\"name\":\"Kontakt za rezervacije & preno\u010di\u0161\u010da - Turisti\u010dna kmetija Puklavec\",\"isPartOf\":{\"@id\":\"http:\/\/www.jeruzalempuklavec.si\/#website\"},\"datePublished\":\"2024-07-16T08:31:56+00:00\",\"dateModified\":\"2024-07-16T08:34:06+00:00\",\"breadcrumb\":{\"@id\":\"https:\/\/www.jeruzalempuklavec.si\/index.php\/kontakt-za-rezervacije-prenocisca\/#breadcrumb\"},\"inLanguage\":\"sl-SI\",\"potentialAction\":[{\"@type\":\"ReadAction\",\"target\":[\"https:\/\/www.jeruzalempuklavec.si\/index.php\/kontakt-za-rezervacije-prenocisca\/\"]}]},{\"@type\":\"BreadcrumbList\",\"@id\":\"https:\/\/www.jeruzalempuklavec.si\/index.php\/kontakt-za-rezervacije-prenocisca\/#breadcrumb\",\"itemListElement\":[{\"@type\":\"ListItem\",\"position\":1,\"name\":\"Home\",\"item\":\"http:\/\/www.jeruzalempuklavec.si\/\"},{\"@type\":\"ListItem\",\"position\":2,\"name\":\"Kontakt za rezervacije &#038; preno\u010di\u0161\u010da\"}]},{\"@type\":\"WebSite\",\"@id\":\"http:\/\/www.jeruzalempuklavec.si\/#website\",\"url\":\"http:\/\/www.jeruzalempuklavec.si\/\",\"name\":\"Turisti\u010dna kmetija Puklavec\",\"description\":\"Vina, preno\u010di&scaron;\u010da, oddih, kulinarika\",\"publisher\":{\"@id\":\"http:\/\/www.jeruzalempuklavec.si\/#organization\"},\"potentialAction\":[{\"@type\":\"SearchAction\",\"target\":{\"@type\":\"EntryPoint\",\"urlTemplate\":\"http:\/\/www.jeruzalempuklavec.si\/?s={search_term_string}\"},\"query-input\":{\"@type\":\"PropertyValueSpecification\",\"valueRequired\":true,\"valueName\":\"search_term_string\"}}],\"inLanguage\":\"sl-SI\"},{\"@type\":\"Organization\",\"@id\":\"http:\/\/www.jeruzalempuklavec.si\/#organization\",\"name\":\"Turisti\u010dna kmetija Puklavec\",\"url\":\"http:\/\/www.jeruzalempuklavec.si\/\",\"logo\":{\"@type\":\"ImageObject\",\"inLanguage\":\"sl-SI\",\"@id\":\"http:\/\/www.jeruzalempuklavec.si\/#\/schema\/logo\/image\/\",\"url\":\"http:\/\/www.jeruzalempuklavec.si\/wp-content\/uploads\/2023\/05\/puklavec.png\",\"contentUrl\":\"http:\/\/www.jeruzalempuklavec.si\/wp-content\/uploads\/2023\/05\/puklavec.png\",\"width\":1722,\"height\":862,\"caption\":\"Turisti\u010dna kmetija Puklavec\"},\"image\":{\"@id\":\"http:\/\/www.jeruzalempuklavec.si\/#\/schema\/logo\/image\/\"},\"sameAs\":[\"https:\/\/www.facebook.com\/turisticnakmetija.puklavec\/?locale=sl_SI\"]}]}<\/script>\n<!-- \/ Yoast SEO plugin. -->","yoast_head_json":{"title":"Kontakt za rezervacije & preno\u010di\u0161\u010da - Turisti\u010dna kmetija Puklavec","robots":{"index":"index","follow":"follow","max-snippet":"max-snippet:-1","max-image-preview":"max-image-preview:large","max-video-preview":"max-video-preview:-1"},"canonical":"https:\/\/www.jeruzalempuklavec.si\/index.php\/kontakt-za-rezervacije-prenocisca\/","og_locale":"sl_SI","og_type":"article","og_title":"Kontakt za rezervacije & preno\u010di\u0161\u010da - Turisti\u010dna kmetija Puklavec","og_description":"GSM: +38641916343 info.jeruzalempuklavec@gmail.com","og_url":"https:\/\/www.jeruzalempuklavec.si\/index.php\/kontakt-za-rezervacije-prenocisca\/","og_site_name":"Turisti\u010dna kmetija Puklavec","article_publisher":"https:\/\/www.facebook.com\/turisticnakmetija.puklavec\/?locale=sl_SI","article_modified_time":"2024-07-16T08:34:06+00:00","twitter_card":"summary_large_image","schema":{"@context":"https:\/\/schema.org","@graph":[{"@type":"WebPage","@id":"https:\/\/www.jeruzalempuklavec.si\/index.php\/kontakt-za-rezervacije-prenocisca\/","url":"https:\/\/www.jeruzalempuklavec.si\/index.php\/kontakt-za-rezervacije-prenocisca\/","name":"Kontakt za rezervacije & preno\u010di\u0161\u010da - Turisti\u010dna kmetija Puklavec","isPartOf":{"@id":"http:\/\/www.jeruzalempuklavec.si\/#website"},"datePublished":"2024-07-16T08:31:56+00:00","dateModified":"2024-07-16T08:34:06+00:00","breadcrumb":{"@id":"https:\/\/www.jeruzalempuklavec.si\/index.php\/kontakt-za-rezervacije-prenocisca\/#breadcrumb"},"inLanguage":"sl-SI","potentialAction":[{"@type":"ReadAction","target":["https:\/\/www.jeruzalempuklavec.si\/index.php\/kontakt-za-rezervacije-prenocisca\/"]}]},{"@type":"BreadcrumbList","@id":"https:\/\/www.jeruzalempuklavec.si\/index.php\/kontakt-za-rezervacije-prenocisca\/#breadcrumb","itemListElement":[{"@type":"ListItem","position":1,"name":"Home","item":"http:\/\/www.jeruzalempuklavec.si\/"},{"@type":"ListItem","position":2,"name":"Kontakt za rezervacije &#038; preno\u010di\u0161\u010da"}]},{"@type":"WebSite","@id":"http:\/\/www.jeruzalempuklavec.si\/#website","url":"http:\/\/www.jeruzalempuklavec.si\/","name":"Turisti\u010dna kmetija Puklavec","description":"Vina, preno\u010di&scaron;\u010da, oddih, kulinarika","publisher":{"@id":"http:\/\/www.jeruzalempuklavec.si\/#organization"},"potentialAction":[{"@type":"SearchAction","target":{"@type":"EntryPoint","urlTemplate":"http:\/\/www.jeruzalempuklavec.si\/?s={search_term_string}"},"query-input":{"@type":"PropertyValueSpecification","valueRequired":true,"valueName":"search_term_string"}}],"inLanguage":"sl-SI"},{"@type":"Organization","@id":"http:\/\/www.jeruzalempuklavec.si\/#organization","name":"Turisti\u010dna kmetija Puklavec","url":"http:\/\/www.jeruzalempuklavec.si\/","logo":{"@type":"ImageObject","inLanguage":"sl-SI","@id":"http:\/\/www.jeruzalempuklavec.si\/#\/schema\/logo\/image\/","url":"http:\/\/www.jeruzalempuklavec.si\/wp-content\/uploads\/2023\/05\/puklavec.png","contentUrl":"http:\/\/www.jeruzalempuklavec.si\/wp-content\/uploads\/2023\/05\/puklavec.png","width":1722,"height":862,"caption":"Turisti\u010dna kmetija Puklavec"},"image":{"@id":"http:\/\/www.jeruzalempuklavec.si\/#\/schema\/logo\/image\/"},"sameAs":["https:\/\/www.facebook.com\/turisticnakmetija.puklavec\/?locale=sl_SI"]}]}},"featured_media_urls":[],"_links":{"self":[{"href":"http:\/\/www.jeruzalempuklavec.si\/index.php\/wp-json\/wp\/v2\/pages\/266"}],"collection":[{"href":"http:\/\/www.jeruzalempuklavec.si\/index.php\/wp-json\/wp\/v2\/pages"}],"about":[{"href":"http:\/\/www.jeruzalempuklavec.si\/index.php\/wp-json\/wp\/v2\/types\/page"}],"author":[{"embeddable":true,"href":"http:\/\/www.jeruzalempuklavec.si\/index.php\/wp-json\/wp\/v2\/users\/1"}],"replies":[{"embeddable":true,"href":"http:\/\/www.jeruzalempuklavec.si\/index.php\/wp-json\/wp\/v2\/comments?post=266"}],"version-history":[{"count":4,"href":"http:\/\/www.jeruzalempuklavec.si\/index.php\/wp-json\/wp\/v2\/pages\/266\/revisions"}],"predecessor-version":[{"id":272,"href":"http:\/\/www.jeruzalempuklavec.si\/index.php\/wp-json\/wp\/v2\/pages\/266\/revisions\/272"}],"wp:attachment":[{"href":"http:\/\/www.jeruzalempuklavec.si\/index.php\/wp-json\/wp\/v2\/media?parent=266"}],"curies":[{"name":"wp","href":"https:\/\/api.w.org\/{rel}","templated":true}]}}